{"id":220,"date":"2024-05-20T07:54:50","date_gmt":"2024-05-20T07:54:50","guid":{"rendered":"https:\/\/demosites.royal-elementor-addons.com\/graphic-nature-v1\/?page_id=9"},"modified":"2025-07-30T07:20:46","modified_gmt":"2025-07-30T07:20:46","slug":"ponuda","status":"publish","type":"page","link":"https:\/\/fineliving.rs\/en\/ponuda\/","title":{"rendered":"Offers"},"content":{"rendered":"\t\t<div data-elementor-type=\"wp-page\" data-elementor-id=\"220\" class=\"elementor elementor-220\">\n\t\t\t\t<div class=\"elementor-element elementor-element-287c1c3 e-flex e-con-boxed magic-button-disabled-no wpr-particle-no wpr-jarallax-no wpr-parallax-no wpr-sticky-section-no wpr-equal-height-no e-con e-parent\" data-id=\"287c1c3\" data-element_type=\"container\" data-e-type=\"container\" data-settings=\"{&quot;background_background&quot;:&quot;classic&quot;}\">\n\t\t\t\t\t<div class=\"e-con-inner\">\n\t\t\t\t<div class=\"elementor-element elementor-element-608577a elementor-widget elementor-widget-text-editor\" data-id=\"608577a\" data-element_type=\"widget\" data-e-type=\"widget\" data-widget_type=\"text-editor.default\">\n\t\t\t\t<div class=\"elementor-widget-container\">\n\t\t\t\t\t\t\t\t\t<p>FINE LIVING<\/p>\t\t\t\t\t\t\t\t<\/div>\n\t\t\t\t<\/div>\n\t\t\t\t<div class=\"elementor-element elementor-element-6e4ecd0 elementor-widget elementor-widget-heading\" data-id=\"6e4ecd0\" data-element_type=\"widget\" data-e-type=\"widget\" data-widget_type=\"heading.default\">\n\t\t\t\t<div class=\"elementor-widget-container\">\n\t\t\t\t\t<h2 class=\"elementor-heading-title elementor-size-default\">Aktuelna ponuda<\/h2>\t\t\t\t<\/div>\n\t\t\t\t<\/div>\n\t\t\t\t\t<\/div>\n\t\t\t\t<\/div>\n\t\t<div class=\"elementor-element elementor-element-197b6bf e-con-full e-flex magic-button-disabled-no wpr-particle-no wpr-jarallax-no wpr-parallax-no wpr-sticky-section-no wpr-equal-height-no e-con e-parent\" data-id=\"197b6bf\" data-element_type=\"container\" data-e-type=\"container\">\n\t\t\t\t<div class=\"elementor-element elementor-element-9cec04b elementor-widget elementor-widget-html\" data-id=\"9cec04b\" data-element_type=\"widget\" data-e-type=\"widget\" data-widget_type=\"html.default\">\n\t\t\t\t<div class=\"elementor-widget-container\">\n\t\t\t\t\t<style>\r\n.swiper-slide-image {\r\n  cursor: pointer;\r\n}\r\n<\/style>\r\n\r\n<script>\r\ndocument.addEventListener('DOMContentLoaded', function () {\r\n\r\n  \/* Edit the URL Links Here *\/\r\n  let links = [\r\n    'https:\/\/fineliving.rs\/?p=822',\r\n    'https:\/\/fineliving.rs\/ponuda\/gostivarska-32\/',\r\n    'https:\/\/fineliving.rs\/ponuda\/gostivarska-35\/'  \/\/ Dodato ovde\r\n  ];\r\n\r\n  document.body.addEventListener('click', function (e) {\r\n    if (e.target.closest('.carousel-links .swiper-slide')) {\r\n      let i = e.target.closest('.swiper-slide').getAttribute(\"data-swiper-slide-index\");\r\n      if (links[i] && links[i].length > 2) {\r\n        window.location.href = links[i];\r\n      }\r\n    }\r\n  });\r\n});\r\n<\/script>\r\n\t\t\t\t<\/div>\n\t\t\t\t<\/div>\n\t\t\t\t<div class=\"elementor-element elementor-element-2dd98db carousel-links elementor-widget elementor-widget-prime-slider-mercury\" data-id=\"2dd98db\" data-element_type=\"widget\" data-e-type=\"widget\" data-widget_type=\"prime-slider-mercury.default\">\n\t\t\t\t<div class=\"elementor-widget-container\">\n\t\t\t\t\t\n                    <div class=\"bdt-prime-slider-mercury\">\n        <div id=\"bdt-prime-slider-2dd98db\" class=\"bdt-mercury-slider elementor-swiper\" data-settings=\"{&quot;autoplay&quot;:{&quot;delay&quot;:5000},&quot;loop&quot;:true,&quot;speed&quot;:900,&quot;effect&quot;:&quot;slide&quot;,&quot;gl&quot;:{&quot;shader&quot;:&quot;random&quot;},&quot;fadeEffect&quot;:{&quot;crossFade&quot;:true},&quot;lazy&quot;:{&quot;loadPrevNext&quot;:&quot;true&quot;},&quot;parallax&quot;:true,&quot;watchSlidesProgress&quot;:true,&quot;slidesPerView&quot;:1,&quot;loopedSlides&quot;:4,&quot;navigation&quot;:{&quot;nextEl&quot;:&quot;#bdt-prime-slider-2dd98db .bdt-button-next&quot;,&quot;prevEl&quot;:&quot;#bdt-prime-slider-2dd98db .bdt-button-prev&quot;},&quot;pagination&quot;:{&quot;el&quot;:&quot;#bdt-prime-slider-2dd98db .swiper-pagination&quot;,&quot;clickable&quot;:&quot;true&quot;}}\">\n            <div class=\"bdt-mercury-image-slider swiper\" role=\"region\" aria-roledescription=\"carousel\" aria-label=\"Mercury Slider\" dir=\"ltr\">\n                <div class=\"swiper-wrapper\">\n        \n        <div class=\"bdt-item  swiper-slide\">\n            <div class=\"bdt-img-wrap\" data-reveal=\"reveal-active\">\n                <img fetchpriority=\"high\" decoding=\"async\" width=\"1536\" height=\"1024\" src=\"https:\/\/fineliving.rs\/wp-content\/uploads\/2025\/05\/bg.jpg\" class=\"bdt-img swiper-lazy\" alt=\"Ljube Nedi\u0107a 19\" srcset=\"https:\/\/fineliving.rs\/wp-content\/uploads\/2025\/05\/bg.jpg 1536w, https:\/\/fineliving.rs\/wp-content\/uploads\/2025\/05\/bg-300x200.jpg 300w, https:\/\/fineliving.rs\/wp-content\/uploads\/2025\/05\/bg-1024x683.jpg 1024w, https:\/\/fineliving.rs\/wp-content\/uploads\/2025\/05\/bg-768x512.jpg 768w, https:\/\/fineliving.rs\/wp-content\/uploads\/2025\/05\/bg-18x12.jpg 18w\" sizes=\"(max-width: 1536px) 100vw, 1536px\" \/>            <\/div>\n        <\/div>\n\n        \n        <div class=\"bdt-item  swiper-slide\">\n            <div class=\"bdt-img-wrap\" data-reveal=\"reveal-active\">\n                <img decoding=\"async\" width=\"1920\" height=\"2560\" src=\"https:\/\/fineliving.rs\/wp-content\/uploads\/2025\/09\/IMG_3957-1-scaled.jpg\" class=\"bdt-img swiper-lazy\" alt=\"Gostivarska 32\" srcset=\"https:\/\/fineliving.rs\/wp-content\/uploads\/2025\/09\/IMG_3957-1-scaled.jpg 1920w, https:\/\/fineliving.rs\/wp-content\/uploads\/2025\/09\/IMG_3957-1-225x300.jpg 225w, https:\/\/fineliving.rs\/wp-content\/uploads\/2025\/09\/IMG_3957-1-768x1024.jpg 768w, https:\/\/fineliving.rs\/wp-content\/uploads\/2025\/09\/IMG_3957-1-1152x1536.jpg 1152w, https:\/\/fineliving.rs\/wp-content\/uploads\/2025\/09\/IMG_3957-1-1536x2048.jpg 1536w, https:\/\/fineliving.rs\/wp-content\/uploads\/2025\/09\/IMG_3957-1-9x12.jpg 9w\" sizes=\"(max-width: 1920px) 100vw, 1920px\" \/>            <\/div>\n        <\/div>\n\n        \n        <div class=\"bdt-item  swiper-slide\">\n            <div class=\"bdt-img-wrap\" data-reveal=\"reveal-active\">\n                <img decoding=\"async\" width=\"1804\" height=\"1051\" src=\"https:\/\/fineliving.rs\/wp-content\/uploads\/2025\/09\/04603165-0a28-4b01-81b5-e240da791d7f-1.jpg\" class=\"bdt-img swiper-lazy\" alt=\"Gostivarska 35\" srcset=\"https:\/\/fineliving.rs\/wp-content\/uploads\/2025\/09\/04603165-0a28-4b01-81b5-e240da791d7f-1.jpg 1804w, https:\/\/fineliving.rs\/wp-content\/uploads\/2025\/09\/04603165-0a28-4b01-81b5-e240da791d7f-1-300x175.jpg 300w, https:\/\/fineliving.rs\/wp-content\/uploads\/2025\/09\/04603165-0a28-4b01-81b5-e240da791d7f-1-1024x597.jpg 1024w, https:\/\/fineliving.rs\/wp-content\/uploads\/2025\/09\/04603165-0a28-4b01-81b5-e240da791d7f-1-768x447.jpg 768w, https:\/\/fineliving.rs\/wp-content\/uploads\/2025\/09\/04603165-0a28-4b01-81b5-e240da791d7f-1-1536x895.jpg 1536w, https:\/\/fineliving.rs\/wp-content\/uploads\/2025\/09\/04603165-0a28-4b01-81b5-e240da791d7f-1-18x10.jpg 18w\" sizes=\"(max-width: 1804px) 100vw, 1804px\" \/>            <\/div>\n        <\/div>\n\n                        <\/div>\n                                <div class=\"bdt-navigation-wrap reveal-muted\">\n                    <div class=\"bdt-button-next\">\n                        <i class=\"ps-wi-arrow-right\"><\/i>\n                    <\/div>\n                    <div class=\"bdt-button-prev\">\n                        <i class=\"ps-wi-arrow-left\"><\/i>\n                    <\/div>\n                <\/div>\n                            <\/div>\n                    <div thumbsSlider=\"\" class=\"bdt-mercury-content-slider swiper\">\n                <div class=\"swiper-wrapper\">\n                    \n        <div class=\"bdt-item swiper-slide\">\n            <div class=\"bdt-content\">\n                                                    <div data-swiper-parallax=\"-200\" data-swiper-parallax-duration=\"1000\">\n                        <h3 class=\"bdt-title\" data-reveal=\"reveal-active\">\n\t\t\t\t<a href=\"https:\/\/fineliving.rs\/en\/ponuda\/ljube-nedica-19\/\" title=\"Ljube Nedi\u0107a 19\">Ljube Nedi\u0107a 19<\/a>\n\t\t\t<\/h3>                    <\/div>\n                \n                        <div class=\"bdt-desc\" data-reveal=\"reveal-active\" data-swiper-parallax=\"-150\" data-swiper-parallax-duration=\"1100\">\n            <p>FINE LIVING Ljube Nedi\u0107a 19 Scroll Down Stanovi Penthouse Lokali | Zgrada u izgradnji na adresi Ljube Nedi\u0107a 19 predstavlja savremeni stambeno-poslovni objekat sa 7 nadzemnih spratova. Re\u010d je o<\/p>\n        <\/div>\n        \n                \n            <\/div>\n        <\/div>\n        \n        <div class=\"bdt-item swiper-slide\">\n            <div class=\"bdt-content\">\n                                                    <div data-swiper-parallax=\"-200\" data-swiper-parallax-duration=\"1000\">\n                        <h3 class=\"bdt-title\" data-reveal=\"reveal-active\">\n\t\t\t\t<a href=\"https:\/\/fineliving.rs\/en\/ponuda\/gostivarska-32\/\" title=\"Gostivarska 32\">Gostivarska 32<\/a>\n\t\t\t<\/h3>                    <\/div>\n                \n                        <div class=\"bdt-desc\" data-reveal=\"reveal-active\" data-swiper-parallax=\"-150\" data-swiper-parallax-duration=\"1100\">\n            <p>FINE LIVING Gostivarska 32 Poslovni apartman Scroll Down | U srcu Vo\u017edovca, u Gostivarskoj ulici na broju 32 sreli smo se sa izazovom, tradicionalno najlep\u0161e oki\u0107enu ku\u0107u u Beogradu \u201ezamenili\u201c<\/p>\n        <\/div>\n        \n                \n            <\/div>\n        <\/div>\n        \n        <div class=\"bdt-item swiper-slide\">\n            <div class=\"bdt-content\">\n                                                    <div data-swiper-parallax=\"-200\" data-swiper-parallax-duration=\"1000\">\n                        <h3 class=\"bdt-title\" data-reveal=\"reveal-active\">\n\t\t\t\t<a href=\"https:\/\/fineliving.rs\/en\/ponuda\/gostivarska-35\/\" title=\"Gostivarska 35\">Gostivarska 35<\/a>\n\t\t\t<\/h3>                    <\/div>\n                \n                        <div class=\"bdt-desc\" data-reveal=\"reveal-active\" data-swiper-parallax=\"-150\" data-swiper-parallax-duration=\"1100\">\n            <p>FINE LIVING Gostivarska 35 | Arhitektura sa du\u0161om, stanovanje sa stilom Na Vo\u017edovcu, u mirnoj ulici nadomak gradskog ritma, nastaje novi stambeni objekat \u2013 Gostivarska 35. Sme\u0161ten ta\u010dno preko puta<\/p>\n        <\/div>\n        \n                \n            <\/div>\n        <\/div>\n                        <\/div>\n            <\/div>\n\n        <\/div>\n        <\/div>\n        \t\t\t\t<\/div>\n\t\t\t\t<\/div>\n\t\t\t\t<\/div>\n\t\t<div class=\"elementor-element elementor-element-e0f65f8 e-con-full e-flex magic-button-disabled-no wpr-particle-no wpr-jarallax-no wpr-parallax-no wpr-sticky-section-no wpr-equal-height-no e-con e-parent\" data-id=\"e0f65f8\" data-element_type=\"container\" data-e-type=\"container\">\n\t\t\t\t<div class=\"elementor-element elementor-element-a911c39 elementor-widget elementor-widget-google_maps\" data-id=\"a911c39\" data-element_type=\"widget\" data-e-type=\"widget\" data-widget_type=\"google_maps.default\">\n\t\t\t\t<div class=\"elementor-widget-container\">\n\t\t\t\t\t\t\t<div class=\"elementor-custom-embed\">\n\t\t\t<iframe loading=\"lazy\"\n\t\t\t\t\tsrc=\"https:\/\/maps.google.com\/maps?q=Gostivarska%2032&#038;t=m&#038;z=12&#038;output=embed&#038;iwloc=near\"\n\t\t\t\t\ttitle=\"Gostivarska 32\"\n\t\t\t\t\taria-label=\"Gostivarska 32\"\n\t\t\t><\/iframe>\n\t\t<\/div>\n\t\t\t\t\t\t<\/div>\n\t\t\t\t<\/div>\n\t\t\t\t<\/div>\n\t\t\t\t<\/div>\n\t\t","protected":false},"excerpt":{"rendered":"<p>FINE LIVING Aktuelna ponuda Ljube Nedi\u0107a 19 FINE LIVING Ljube Nedi\u0107a 19 Scroll Down Stanovi Penthouse Lokali | Zgrada u izgradnji na adresi Ljube Nedi\u0107a 19 predstavlja savremeni stambeno-poslovni objekat sa 7 nadzemnih spratova. Re\u010d je o Gostivarska 32 FINE LIVING Gostivarska 32 Poslovni apartman Scroll Down | U srcu Vo\u017edovca, u Gostivarskoj ulici na broju 32 sreli smo se sa izazovom, tradicionalno najlep\u0161e oki\u0107enu ku\u0107u u Beogradu \u201ezamenili\u201c Gostivarska 35 FINE LIVING Gostivarska 35 | Arhitektura sa du\u0161om, stanovanje sa stilom Na Vo\u017edovcu, u mirnoj ulici nadomak gradskog ritma, nastaje novi stambeni objekat \u2013 Gostivarska 35. Sme\u0161ten ta\u010dno preko puta<\/p>","protected":false},"author":1,"featured_media":0,"parent":0,"menu_order":0,"comment_status":"closed","ping_status":"closed","template":"elementor_canvas","meta":{"footnotes":""},"class_list":["post-220","page","type-page","status-publish","hentry"],"yoast_head":"<!-- This site is optimized with the Yoast SEO plugin v27.5 - https:\/\/yoast.com\/product\/yoast-seo-wordpress\/ -->\n<title>Ponuda - Fine Living<\/title>\n<meta name=\"robots\" content=\"index, follow, max-snippet:-1, max-image-preview:large, max-video-preview:-1\" \/>\n<link rel=\"canonical\" href=\"https:\/\/fineliving.rs\/en\/ponuda\/\" \/>\n<meta property=\"og:locale\" content=\"en_US\" \/>\n<meta property=\"og:type\" content=\"article\" \/>\n<meta property=\"og:title\" content=\"Ponuda - Fine Living\" \/>\n<meta property=\"og:description\" content=\"FINE LIVING Aktuelna ponuda Ljube Nedi\u0107a 19 FINE LIVING Ljube Nedi\u0107a 19 Scroll Down Stanovi Penthouse Lokali | Zgrada u izgradnji na adresi Ljube Nedi\u0107a 19 predstavlja savremeni stambeno-poslovni objekat sa 7 nadzemnih spratova. Re\u010d je o Gostivarska 32 FINE LIVING Gostivarska 32 Poslovni apartman Scroll Down | U srcu Vo\u017edovca, u Gostivarskoj ulici na broju 32 sreli smo se sa izazovom, tradicionalno najlep\u0161e oki\u0107enu ku\u0107u u Beogradu \u201ezamenili\u201c Gostivarska 35 FINE LIVING Gostivarska 35 | Arhitektura sa du\u0161om, stanovanje sa stilom Na Vo\u017edovcu, u mirnoj ulici nadomak gradskog ritma, nastaje novi stambeni objekat \u2013 Gostivarska 35. Sme\u0161ten ta\u010dno preko puta\" \/>\n<meta property=\"og:url\" content=\"https:\/\/fineliving.rs\/en\/ponuda\/\" \/>\n<meta property=\"og:site_name\" content=\"Fine Living\" \/>\n<meta property=\"article:modified_time\" content=\"2025-07-30T07:20:46+00:00\" \/>\n<meta property=\"og:image\" content=\"https:\/\/fineliving.rs\/wp-content\/uploads\/2025\/05\/bg.jpg\" \/>\n<meta name=\"twitter:card\" content=\"summary_large_image\" \/>\n<meta name=\"twitter:label1\" content=\"Est. reading time\" \/>\n\t<meta name=\"twitter:data1\" content=\"4 minutes\" \/>\n<script type=\"application\/ld+json\" class=\"yoast-schema-graph\">{\"@context\":\"https:\\\/\\\/schema.org\",\"@graph\":[{\"@type\":\"WebPage\",\"@id\":\"https:\\\/\\\/fineliving.rs\\\/ponuda\\\/\",\"url\":\"https:\\\/\\\/fineliving.rs\\\/ponuda\\\/\",\"name\":\"Ponuda - Fine Living\",\"isPartOf\":{\"@id\":\"https:\\\/\\\/fineliving.rs\\\/en\\\/#website\"},\"primaryImageOfPage\":{\"@id\":\"https:\\\/\\\/fineliving.rs\\\/ponuda\\\/#primaryimage\"},\"image\":{\"@id\":\"https:\\\/\\\/fineliving.rs\\\/ponuda\\\/#primaryimage\"},\"thumbnailUrl\":\"https:\\\/\\\/fineliving.rs\\\/wp-content\\\/uploads\\\/2025\\\/05\\\/bg.jpg\",\"datePublished\":\"2024-05-20T07:54:50+00:00\",\"dateModified\":\"2025-07-30T07:20:46+00:00\",\"breadcrumb\":{\"@id\":\"https:\\\/\\\/fineliving.rs\\\/ponuda\\\/#breadcrumb\"},\"inLanguage\":\"en-US\",\"potentialAction\":[{\"@type\":\"ReadAction\",\"target\":[\"https:\\\/\\\/fineliving.rs\\\/ponuda\\\/\"]}]},{\"@type\":\"ImageObject\",\"inLanguage\":\"en-US\",\"@id\":\"https:\\\/\\\/fineliving.rs\\\/ponuda\\\/#primaryimage\",\"url\":\"https:\\\/\\\/fineliving.rs\\\/wp-content\\\/uploads\\\/2025\\\/05\\\/bg.jpg\",\"contentUrl\":\"https:\\\/\\\/fineliving.rs\\\/wp-content\\\/uploads\\\/2025\\\/05\\\/bg.jpg\"},{\"@type\":\"BreadcrumbList\",\"@id\":\"https:\\\/\\\/fineliving.rs\\\/ponuda\\\/#breadcrumb\",\"itemListElement\":[{\"@type\":\"ListItem\",\"position\":1,\"name\":\"Home\",\"item\":\"https:\\\/\\\/fineliving.rs\\\/\"},{\"@type\":\"ListItem\",\"position\":2,\"name\":\"Ponuda\"}]},{\"@type\":\"WebSite\",\"@id\":\"https:\\\/\\\/fineliving.rs\\\/en\\\/#website\",\"url\":\"https:\\\/\\\/fineliving.rs\\\/en\\\/\",\"name\":\"Fine Living\",\"description\":\"\",\"publisher\":{\"@id\":\"https:\\\/\\\/fineliving.rs\\\/en\\\/#organization\"},\"potentialAction\":[{\"@type\":\"SearchAction\",\"target\":{\"@type\":\"EntryPoint\",\"urlTemplate\":\"https:\\\/\\\/fineliving.rs\\\/en\\\/?s={search_term_string}\"},\"query-input\":{\"@type\":\"PropertyValueSpecification\",\"valueRequired\":true,\"valueName\":\"search_term_string\"}}],\"inLanguage\":\"en-US\"},{\"@type\":\"Organization\",\"@id\":\"https:\\\/\\\/fineliving.rs\\\/en\\\/#organization\",\"name\":\"Fine Living\",\"url\":\"https:\\\/\\\/fineliving.rs\\\/en\\\/\",\"logo\":{\"@type\":\"ImageObject\",\"inLanguage\":\"en-US\",\"@id\":\"https:\\\/\\\/fineliving.rs\\\/en\\\/#\\\/schema\\\/logo\\\/image\\\/\",\"url\":\"https:\\\/\\\/fineliving.rs\\\/wp-content\\\/uploads\\\/2024\\\/05\\\/fineliving.png\",\"contentUrl\":\"https:\\\/\\\/fineliving.rs\\\/wp-content\\\/uploads\\\/2024\\\/05\\\/fineliving.png\",\"width\":4926,\"height\":4926,\"caption\":\"Fine Living\"},\"image\":{\"@id\":\"https:\\\/\\\/fineliving.rs\\\/en\\\/#\\\/schema\\\/logo\\\/image\\\/\"},\"sameAs\":[\"https:\\\/\\\/www.instagram.com\\\/finelivingdoo\\\/\"]}]}<\/script>\n<!-- \/ Yoast SEO plugin. -->","yoast_head_json":{"title":"Ponuda - Fine Living","robots":{"index":"index","follow":"follow","max-snippet":"max-snippet:-1","max-image-preview":"max-image-preview:large","max-video-preview":"max-video-preview:-1"},"canonical":"https:\/\/fineliving.rs\/en\/ponuda\/","og_locale":"en_US","og_type":"article","og_title":"Ponuda - Fine Living","og_description":"FINE LIVING Aktuelna ponuda Ljube Nedi\u0107a 19 FINE LIVING Ljube Nedi\u0107a 19 Scroll Down Stanovi Penthouse Lokali | Zgrada u izgradnji na adresi Ljube Nedi\u0107a 19 predstavlja savremeni stambeno-poslovni objekat sa 7 nadzemnih spratova. Re\u010d je o Gostivarska 32 FINE LIVING Gostivarska 32 Poslovni apartman Scroll Down | U srcu Vo\u017edovca, u Gostivarskoj ulici na broju 32 sreli smo se sa izazovom, tradicionalno najlep\u0161e oki\u0107enu ku\u0107u u Beogradu \u201ezamenili\u201c Gostivarska 35 FINE LIVING Gostivarska 35 | Arhitektura sa du\u0161om, stanovanje sa stilom Na Vo\u017edovcu, u mirnoj ulici nadomak gradskog ritma, nastaje novi stambeni objekat \u2013 Gostivarska 35. Sme\u0161ten ta\u010dno preko puta","og_url":"https:\/\/fineliving.rs\/en\/ponuda\/","og_site_name":"Fine Living","article_modified_time":"2025-07-30T07:20:46+00:00","og_image":[{"url":"https:\/\/fineliving.rs\/wp-content\/uploads\/2025\/05\/bg.jpg","type":"","width":"","height":""}],"twitter_card":"summary_large_image","twitter_misc":{"Est. reading time":"4 minutes"},"schema":{"@context":"https:\/\/schema.org","@graph":[{"@type":"WebPage","@id":"https:\/\/fineliving.rs\/ponuda\/","url":"https:\/\/fineliving.rs\/ponuda\/","name":"Ponuda - Fine Living","isPartOf":{"@id":"https:\/\/fineliving.rs\/en\/#website"},"primaryImageOfPage":{"@id":"https:\/\/fineliving.rs\/ponuda\/#primaryimage"},"image":{"@id":"https:\/\/fineliving.rs\/ponuda\/#primaryimage"},"thumbnailUrl":"https:\/\/fineliving.rs\/wp-content\/uploads\/2025\/05\/bg.jpg","datePublished":"2024-05-20T07:54:50+00:00","dateModified":"2025-07-30T07:20:46+00:00","breadcrumb":{"@id":"https:\/\/fineliving.rs\/ponuda\/#breadcrumb"},"inLanguage":"en-US","potentialAction":[{"@type":"ReadAction","target":["https:\/\/fineliving.rs\/ponuda\/"]}]},{"@type":"ImageObject","inLanguage":"en-US","@id":"https:\/\/fineliving.rs\/ponuda\/#primaryimage","url":"https:\/\/fineliving.rs\/wp-content\/uploads\/2025\/05\/bg.jpg","contentUrl":"https:\/\/fineliving.rs\/wp-content\/uploads\/2025\/05\/bg.jpg"},{"@type":"BreadcrumbList","@id":"https:\/\/fineliving.rs\/ponuda\/#breadcrumb","itemListElement":[{"@type":"ListItem","position":1,"name":"Home","item":"https:\/\/fineliving.rs\/"},{"@type":"ListItem","position":2,"name":"Ponuda"}]},{"@type":"WebSite","@id":"https:\/\/fineliving.rs\/en\/#website","url":"https:\/\/fineliving.rs\/en\/","name":"Fine Living","description":"","publisher":{"@id":"https:\/\/fineliving.rs\/en\/#organization"},"potentialAction":[{"@type":"SearchAction","target":{"@type":"EntryPoint","urlTemplate":"https:\/\/fineliving.rs\/en\/?s={search_term_string}"},"query-input":{"@type":"PropertyValueSpecification","valueRequired":true,"valueName":"search_term_string"}}],"inLanguage":"en-US"},{"@type":"Organization","@id":"https:\/\/fineliving.rs\/en\/#organization","name":"Fine Living","url":"https:\/\/fineliving.rs\/en\/","logo":{"@type":"ImageObject","inLanguage":"en-US","@id":"https:\/\/fineliving.rs\/en\/#\/schema\/logo\/image\/","url":"https:\/\/fineliving.rs\/wp-content\/uploads\/2024\/05\/fineliving.png","contentUrl":"https:\/\/fineliving.rs\/wp-content\/uploads\/2024\/05\/fineliving.png","width":4926,"height":4926,"caption":"Fine Living"},"image":{"@id":"https:\/\/fineliving.rs\/en\/#\/schema\/logo\/image\/"},"sameAs":["https:\/\/www.instagram.com\/finelivingdoo\/"]}]}},"_links":{"self":[{"href":"https:\/\/fineliving.rs\/en\/wp-json\/wp\/v2\/pages\/220","targetHints":{"allow":["GET"]}}],"collection":[{"href":"https:\/\/fineliving.rs\/en\/wp-json\/wp\/v2\/pages"}],"about":[{"href":"https:\/\/fineliving.rs\/en\/wp-json\/wp\/v2\/types\/page"}],"author":[{"embeddable":true,"href":"https:\/\/fineliving.rs\/en\/wp-json\/wp\/v2\/users\/1"}],"replies":[{"embeddable":true,"href":"https:\/\/fineliving.rs\/en\/wp-json\/wp\/v2\/comments?post=220"}],"version-history":[{"count":88,"href":"https:\/\/fineliving.rs\/en\/wp-json\/wp\/v2\/pages\/220\/revisions"}],"predecessor-version":[{"id":3122,"href":"https:\/\/fineliving.rs\/en\/wp-json\/wp\/v2\/pages\/220\/revisions\/3122"}],"wp:attachment":[{"href":"https:\/\/fineliving.rs\/en\/wp-json\/wp\/v2\/media?parent=220"}],"curies":[{"name":"wp","href":"https:\/\/api.w.org\/{rel}","templated":true}]}}